{"id":1541,"date":"2021-04-08T22:22:59","date_gmt":"2021-04-08T22:22:59","guid":{"rendered":"https:\/\/www.soul-healing.me\/?page_id=1541"},"modified":"2024-09-17T08:51:42","modified_gmt":"2024-09-17T06:51:42","slug":"massage","status":"publish","type":"page","link":"https:\/\/www.soul-healing.me\/en\/massage\/","title":{"rendered":"MASSAGES"},"content":{"rendered":"<h1>Relaxation massage<\/h1>\n<p>Switch off wonderfully, forget everyday life for a moment and simply let your soul dangle. You can experience this with my full body relaxation massage.<\/p>\n<p>Ganz intuitiv und achtsam stelle ich mich auf Deinen K\u00f6rper und Deine Bed\u00fcrfnisse ein. Genie\u00dfe die wohltuende Ber\u00fchrung von flie\u00dfenden Bewegungen auf Deiner Haut mit dem Gef\u00fchl &#8222;getragen&#8220; und &#8222;gehalten&#8220; zu werden.\u00a0\u00a0Wenn Du daf\u00fcr offen bist, leite ich Dich gerne w\u00e4hrend der Massage auch zu einem bewussten Atmen ein. Das er\u00f6ffnet den Raum, Dich in eine tiefere Entspannung zu versetzen, in dem Anspannungen gel\u00f6st werden und energetische Blockaden abflie\u00dfen k\u00f6nnen. Deine Selbstheilsungskr\u00e4fte werden aktiviert und dein K\u00f6rper kann sich wieder besser selbstregulieren.\u00a0<\/p>\n<p>Experience the peace when body, mind and soul are harmonized and you reconnect with your very own power within you!<\/p>\n<p>\u00a0The massage can also be a treat for the senses. A selection of essential oils is available to you, which is an ideal complement to the warm organic coconut oil that I use for the massage.\u00a0<\/p>\n<p>60 min = 90 \u20ac<\/p>\n<p>90 min = 135 \u20ac<\/p>\n<p>120 min = 180 \u20ac<\/p>\n<p>150 min = 225 \u20ac<\/p>\n<p>180 min = 270 \u20ac<\/p>\n<p>Please note, should something come up, please cancel your appointment in good time, up to 24 hours in advance. If you cancel at short notice or do not show up, the fee will still be charged. Thank you for your understanding!<\/p>\n<p>\u00a0<\/p>\n<p>\t\t\t<a href=\"https:\/\/www.soul-healing.me\/en\/kontakt\/\"><br \/>\n\t\t\t\t\t\tBOOK APPOINTMENT<br \/>\n\t\t\t\t\t<\/a><br \/>\n\t\t\t\t\t\t\t\t\t\t\t\t\t<img fetchpriority=\"high\" decoding=\"async\" width=\"1024\" height=\"1024\" src=\"https:\/\/www.soul-healing.me\/wp-content\/uploads\/230307-Massage-Gesicht-von-oben_pexels-cottonbro-3997989_quadrat-1024x1024.png\" alt=\"\" srcset=\"https:\/\/www.soul-healing.me\/wp-content\/uploads\/230307-Massage-Gesicht-von-oben_pexels-cottonbro-3997989_quadrat-1024x1024.png 1024w, https:\/\/www.soul-healing.me\/wp-content\/uploads\/230307-Massage-Gesicht-von-oben_pexels-cottonbro-3997989_quadrat-300x300.png 300w, https:\/\/www.soul-healing.me\/wp-content\/uploads\/230307-Massage-Gesicht-von-oben_pexels-cottonbro-3997989_quadrat-150x150.png 150w, https:\/\/www.soul-healing.me\/wp-content\/uploads\/230307-Massage-Gesicht-von-oben_pexels-cottonbro-3997989_quadrat-768x768.png 768w, https:\/\/www.soul-healing.me\/wp-content\/uploads\/230307-Massage-Gesicht-von-oben_pexels-cottonbro-3997989_quadrat-12x12.png 12w, https:\/\/www.soul-healing.me\/wp-content\/uploads\/230307-Massage-Gesicht-von-oben_pexels-cottonbro-3997989_quadrat-600x600.png 600w, https:\/\/www.soul-healing.me\/wp-content\/uploads\/230307-Massage-Gesicht-von-oben_pexels-cottonbro-3997989_quadrat.png 1114w\" sizes=\"(max-width: 1024px) 100vw, 1024px\" \/>\t\t\t\t\t\t\t\t\t\t\t\t\t<\/p>\n<h1>Deep tissue massage<\/h1>\n<p>\t\tDu bist verspannt und Dein R\u00fccken schmerzt?Du brauchst eine kr\u00e4ftige Massage, die Deine Blockaden und Verspannungen l\u00f6st? Dann ist meine Tiefengewebsmassage genau das Richtige f\u00fcr Dich!\u00a0\u00a0Mit einer idealen Balance aus Kraft und Entspannung, wird zuerst das Gewebe mit W\u00e4rme gelockert, um dann Schicht f\u00fcr Schicht bis in die tiefsten Gewebeschichten vorzudringen. Die dort liegenden Verspannungen und Verh\u00e4rtungen k\u00f6nnen so effektiv gel\u00f6st werden.\u00a0Hierbei greife ich auch auf Techniken der Akupressur, der K\u00f6rperarbeit sowie fern\u00f6stlicher Schmerz-Therapien zur\u00fcck, um bestm\u00f6glich auf deine Bed\u00fcrfnisse einzugehen.\u00a0Wenn Du daf\u00fcr offen bist, leite ich Dich gerne w\u00e4hrend der Massage auch zu einem bewussten Atmen ein. Das er\u00f6ffnet den Raum, Dich in eine tiefere Entspannung zu versetzen, in dem Anspannungen gel\u00f6st werden und energetische Blockaden abflie\u00dfen k\u00f6nnen. Deine Selbstheilsungskr\u00e4fte werden aktiviert und dein K\u00f6rper kann sich wieder besser selbstregulieren.\u00a0<\/p>\n<p>60 min = 90 \u20ac<\/p>\n<p>90 min = 135 \u20ac<\/p>\n<p>120 min = 180 \u20ac<\/p>\n<p>150 min = 225 \u20ac<\/p>\n<p>180 min = 270 \u20ac<\/p>\n<p>Please note, should something come up, please cancel your appointment in good time, up to 24 hours in advance. If you cancel at short notice or do not show up, the fee will still be charged. Thank you for your understanding!<\/p>\n<p>\t\t\t<a href=\"https:\/\/www.soul-healing.me\/en\/kontakt\/\"><br \/>\n\t\t\t\t\t\tBOOK APPOINTMENT<br \/>\n\t\t\t\t\t<\/a><br \/>\n\t\t\t\t\t\t\t\t\t\t\t\t\t<img decoding=\"async\" width=\"1024\" height=\"1024\" src=\"https:\/\/www.soul-healing.me\/wp-content\/uploads\/230307-Massage-Mann-pexels-photo-7365398-quadrat-2-1024x1024.jpg\" alt=\"\" srcset=\"https:\/\/www.soul-healing.me\/wp-content\/uploads\/230307-Massage-Mann-pexels-photo-7365398-quadrat-2-1024x1024.jpg 1024w, https:\/\/www.soul-healing.me\/wp-content\/uploads\/230307-Massage-Mann-pexels-photo-7365398-quadrat-2-300x300.jpg 300w, https:\/\/www.soul-healing.me\/wp-content\/uploads\/230307-Massage-Mann-pexels-photo-7365398-quadrat-2-150x150.jpg 150w, https:\/\/www.soul-healing.me\/wp-content\/uploads\/230307-Massage-Mann-pexels-photo-7365398-quadrat-2-768x768.jpg 768w, https:\/\/www.soul-healing.me\/wp-content\/uploads\/230307-Massage-Mann-pexels-photo-7365398-quadrat-2-12x12.jpg 12w, https:\/\/www.soul-healing.me\/wp-content\/uploads\/230307-Massage-Mann-pexels-photo-7365398-quadrat-2-600x600.jpg 600w, https:\/\/www.soul-healing.me\/wp-content\/uploads\/230307-Massage-Mann-pexels-photo-7365398-quadrat-2.jpg 1058w\" sizes=\"(max-width: 1024px) 100vw, 1024px\" \/>\t\t\t\t\t\t\t\t\t\t\t\t\t<\/p>\n<p>A combination of both massages is possible at any time.<\/p>\n<p>\u00a0<\/p>\n<h1>Gift vouchers<\/h1>\n<p>If you would like to order a voucher, simply write me a message about the desired duration of the treatment. You will then receive a voucher to print out yourself and an invoice by email.<\/p>\n<p>\t\t\t\t\t\t\t\t\t\t\t\t\t<img decoding=\"async\" src=\"https:\/\/www.soul-healing.me\/wp-content\/uploads\/elementor\/thumbs\/230307-Soul-Healing-Gutschein-1-q368ful3jo4jxzcru1lay1opd288sddppmefwe1rls.jpg\" title=\"230307 Soul Healing Gutschein\" alt=\"230307 Soul Healing Gutschein\" loading=\"lazy\" \/>\t\t\t\t\t\t\t\t\t\t\t\t\t<\/p>\n<p>This is what participants say about my work.<\/p>\n<p>\t\t\t<a href=\"https:\/\/www.soul-healing.me\/en\/feedback\/\"><br \/>\n\t\t\t\t\t\tREVIEWS<br \/>\n\t\t\t\t\t<\/a><\/p>\n<p>\u00a0<\/p>\n<p>Do you have any questions or would you like to give a voucher as a gift? Then please contact me and we can discuss all the details.<\/p>\n<h3>\n\t\t\t\t\t\t0176 8029 1676<br \/>\n\t\t\t\t<\/h3>\n<h3>\n\t\t\t\t\t\tmail@soul-healing.me<br \/>\n\t\t\t\t<\/h3>\n<p>\t\t\t\t<a href=\"https:\/\/www.google.com\/maps\/place\/Brunnenstra%C3%9Fe+147,+10115+Berlin\/@52.5367236,13.3946255,17z\/data=!3m1!4b1!4m5!3m4!1s0x47a851f0edd30a2d:0x21d3772543bb4b99!8m2!3d52.5367204!4d13.3968142\" target=\"_blank\" tabindex=\"-1\" rel=\"noopener\"><br \/>\n\t\t\t\t\t\t\t\t<\/a><\/p>\n<h3>\n\t\t\t\t\t<a href=\"https:\/\/www.google.com\/maps\/place\/Brunnenstra%C3%9Fe+147,+10115+Berlin\/@52.5367236,13.3946255,17z\/data=!3m1!4b1!4m5!3m4!1s0x47a851f0edd30a2d:0x21d3772543bb4b99!8m2!3d52.5367204!4d13.3968142\" target=\"_blank\" rel=\"noopener\"><br \/>\n\t\t\t\t\t\tAt MahaYoga Zentrum (Backyard), Brunnenstr. 147, 10115 Berlin\t\t\t\t\t<\/a><br \/>\n\t\t\t\t<\/h3>\n<p>\t\t\t\t<a href=\"https:\/\/www.instagram.com\/soulhealing.me\/\" target=\"_blank\" tabindex=\"-1\" rel=\"noopener\"><br \/>\n\t\t\t\t\t\t\t\t<\/a><\/p>\n<h3>\n\t\t\t\t\t<a href=\"https:\/\/www.instagram.com\/soulhealing.me\/\" target=\"_blank\" rel=\"noopener\"><br \/>\n\t\t\t\t\t\tInstagram\t\t\t\t\t<\/a><br \/>\n\t\t\t\t<\/h3>\n<p>\t\t\t\t<a href=\"https:\/\/www.facebook.com\/soulhealing.me\" target=\"_blank\" tabindex=\"-1\" rel=\"noopener\"><br \/>\n\t\t\t\t\t\t\t\t<\/a><\/p>\n<h3>\n\t\t\t\t\t<a href=\"https:\/\/www.facebook.com\/soulhealing.me\" target=\"_blank\" rel=\"noopener\"><br \/>\n\t\t\t\t\t\tFacebook\t\t\t\t\t<\/a><br \/>\n\t\t\t\t<\/h3>","protected":false},"excerpt":{"rendered":"<p>Entspannungsmassage Herrlich abschalten, den Alltag f\u00fcr einen Moment vergessen und einfach mal die Seele baumeln lassen. Das kannst du bei meiner Ganzk\u00f6rper- Entspannungsmassage erleben. Ganz intuitiv und achtsam stelle ich mich auf Deinen K\u00f6rper und Deine Bed\u00fcrfnisse ein. Genie\u00dfe die wohltuende Ber\u00fchrung von flie\u00dfenden Bewegungen auf Deiner Haut mit dem Gef\u00fchl &#8222;getragen&#8220; und &#8222;gehalten&#8220; zu [&hellip;]<\/p>\n","protected":false},"author":1,"featured_media":0,"parent":0,"menu_order":0,"comment_status":"closed","ping_status":"closed","template":"","meta":{"ocean_post_layout":"full-screen","ocean_both_sidebars_style":"","ocean_both_sidebars_content_width":0,"ocean_both_sidebars_sidebars_width":0,"ocean_sidebar":"0","ocean_second_sidebar":"0","ocean_disable_margins":"enable","ocean_add_body_class":"","ocean_shortcode_before_top_bar":"","ocean_shortcode_after_top_bar":"","ocean_shortcode_before_header":"","ocean_shortcode_after_header":"","ocean_has_shortcode":"","ocean_shortcode_after_title":"","ocean_shortcode_before_footer_widgets":"","ocean_shortcode_after_footer_widgets":"","ocean_shortcode_before_footer_bottom":"","ocean_shortcode_after_footer_bottom":"","ocean_display_top_bar":"off","ocean_display_header":"on","ocean_header_style":"","ocean_center_header_left_menu":"0","ocean_custom_header_template":"0","ocean_custom_logo":0,"ocean_custom_retina_logo":0,"ocean_custom_logo_max_width":0,"ocean_custom_logo_tablet_max_width":0,"ocean_custom_logo_mobile_max_width":0,"ocean_custom_logo_max_height":0,"ocean_custom_logo_tablet_max_height":0,"ocean_custom_logo_mobile_max_height":0,"ocean_header_custom_menu":"0","ocean_menu_typo_font_family":"0","ocean_menu_typo_font_subset":"","ocean_menu_typo_font_size":0,"ocean_menu_typo_font_size_tablet":0,"ocean_menu_typo_font_size_mobile":0,"ocean_menu_typo_font_size_unit":"px","ocean_menu_typo_font_weight":"","ocean_menu_typo_font_weight_tablet":"","ocean_menu_typo_font_weight_mobile":"","ocean_menu_typo_transform":"","ocean_menu_typo_transform_tablet":"","ocean_menu_typo_transform_mobile":"","ocean_menu_typo_line_height":0,"ocean_menu_typo_line_height_tablet":0,"ocean_menu_typo_line_height_mobile":0,"ocean_menu_typo_line_height_unit":"","ocean_menu_typo_spacing":0,"ocean_menu_typo_spacing_tablet":0,"ocean_menu_typo_spacing_mobile":0,"ocean_menu_typo_spacing_unit":"","ocean_menu_link_color":"","ocean_menu_link_color_hover":"","ocean_menu_link_color_active":"","ocean_menu_link_background":"","ocean_menu_link_hover_background":"","ocean_menu_link_active_background":"","ocean_menu_social_links_bg":"","ocean_menu_social_hover_links_bg":"","ocean_menu_social_links_color":"","ocean_menu_social_hover_links_color":"","ocean_disable_title":"on","ocean_disable_heading":"default","ocean_post_title":"","ocean_post_subheading":"","ocean_post_title_style":"","ocean_post_title_background_color":"","ocean_post_title_background":0,"ocean_post_title_bg_image_position":"","ocean_post_title_bg_image_attachment":"","ocean_post_title_bg_image_repeat":"","ocean_post_title_bg_image_size":"","ocean_post_title_height":0,"ocean_post_title_bg_overlay":0.5,"ocean_post_title_bg_overlay_color":"","ocean_disable_breadcrumbs":"default","ocean_breadcrumbs_color":"","ocean_breadcrumbs_separator_color":"","ocean_breadcrumbs_links_color":"","ocean_breadcrumbs_links_hover_color":"","ocean_display_footer_widgets":"on","ocean_display_footer_bottom":"default","ocean_custom_footer_template":"0","footnotes":""},"class_list":["post-1541","page","type-page","status-publish","hentry","entry"],"yoast_head":"<!-- This site is optimized with the Yoast SEO plugin v27.5 - https:\/\/yoast.com\/product\/yoast-seo-wordpress\/ -->\n<title>MASSAGEN - Soul Healing<\/title>\n<meta name=\"robots\" content=\"index, follow, max-snippet:-1, max-image-preview:large, max-video-preview:-1\" \/>\n<link rel=\"canonical\" href=\"https:\/\/www.soul-healing.me\/en\/massage\/\" \/>\n<meta property=\"og:locale\" content=\"en_GB\" \/>\n<meta property=\"og:type\" content=\"article\" \/>\n<meta property=\"og:title\" content=\"MASSAGEN - Soul Healing\" \/>\n<meta property=\"og:description\" content=\"Entspannungsmassage Herrlich abschalten, den Alltag f\u00fcr einen Moment vergessen und einfach mal die Seele baumeln lassen. Das kannst du bei meiner Ganzk\u00f6rper- Entspannungsmassage erleben. Ganz intuitiv und achtsam stelle ich mich auf Deinen K\u00f6rper und Deine Bed\u00fcrfnisse ein. Genie\u00dfe die wohltuende Ber\u00fchrung von flie\u00dfenden Bewegungen auf Deiner Haut mit dem Gef\u00fchl &#8222;getragen&#8220; und &#8222;gehalten&#8220; zu [&hellip;]\" \/>\n<meta property=\"og:url\" content=\"https:\/\/www.soul-healing.me\/en\/massage\/\" \/>\n<meta property=\"og:site_name\" content=\"Soul Healing\" \/>\n<meta property=\"article:modified_time\" content=\"2024-09-17T06:51:42+00:00\" \/>\n<meta property=\"og:image\" content=\"https:\/\/www.soul-healing.me\/wp-content\/uploads\/230307-Massage-Gesicht-von-oben_pexels-cottonbro-3997989_quadrat-1024x1024.png\" \/>\n<meta name=\"twitter:card\" content=\"summary_large_image\" \/>\n<meta name=\"twitter:label1\" content=\"Estimated reading time\" \/>\n\t<meta name=\"twitter:data1\" content=\"4 minutes\" \/>\n<script type=\"application\/ld+json\" class=\"yoast-schema-graph\">{\"@context\":\"https:\\\/\\\/schema.org\",\"@graph\":[{\"@type\":\"WebPage\",\"@id\":\"https:\\\/\\\/www.soul-healing.me\\\/massage\\\/\",\"url\":\"https:\\\/\\\/www.soul-healing.me\\\/massage\\\/\",\"name\":\"MASSAGEN - Soul Healing\",\"isPartOf\":{\"@id\":\"https:\\\/\\\/www.soul-healing.me\\\/en\\\/#website\"},\"primaryImageOfPage\":{\"@id\":\"https:\\\/\\\/www.soul-healing.me\\\/massage\\\/#primaryimage\"},\"image\":{\"@id\":\"https:\\\/\\\/www.soul-healing.me\\\/massage\\\/#primaryimage\"},\"thumbnailUrl\":\"https:\\\/\\\/www.soul-healing.me\\\/wp-content\\\/uploads\\\/230307-Massage-Gesicht-von-oben_pexels-cottonbro-3997989_quadrat-1024x1024.png\",\"datePublished\":\"2021-04-08T22:22:59+00:00\",\"dateModified\":\"2024-09-17T06:51:42+00:00\",\"breadcrumb\":{\"@id\":\"https:\\\/\\\/www.soul-healing.me\\\/massage\\\/#breadcrumb\"},\"inLanguage\":\"en-GB\",\"potentialAction\":[{\"@type\":\"ReadAction\",\"target\":[\"https:\\\/\\\/www.soul-healing.me\\\/massage\\\/\"]}]},{\"@type\":\"ImageObject\",\"inLanguage\":\"en-GB\",\"@id\":\"https:\\\/\\\/www.soul-healing.me\\\/massage\\\/#primaryimage\",\"url\":\"https:\\\/\\\/www.soul-healing.me\\\/wp-content\\\/uploads\\\/230307-Massage-Gesicht-von-oben_pexels-cottonbro-3997989_quadrat-1024x1024.png\",\"contentUrl\":\"https:\\\/\\\/www.soul-healing.me\\\/wp-content\\\/uploads\\\/230307-Massage-Gesicht-von-oben_pexels-cottonbro-3997989_quadrat-1024x1024.png\"},{\"@type\":\"BreadcrumbList\",\"@id\":\"https:\\\/\\\/www.soul-healing.me\\\/massage\\\/#breadcrumb\",\"itemListElement\":[{\"@type\":\"ListItem\",\"position\":1,\"name\":\"Startseite\",\"item\":\"https:\\\/\\\/www.soul-healing.me\\\/\"},{\"@type\":\"ListItem\",\"position\":2,\"name\":\"MASSAGEN\"}]},{\"@type\":\"WebSite\",\"@id\":\"https:\\\/\\\/www.soul-healing.me\\\/en\\\/#website\",\"url\":\"https:\\\/\\\/www.soul-healing.me\\\/en\\\/\",\"name\":\"Soul Healing\",\"description\":\"Energy &amp; Bodywork\",\"publisher\":{\"@id\":\"https:\\\/\\\/www.soul-healing.me\\\/en\\\/#organization\"},\"potentialAction\":[{\"@type\":\"SearchAction\",\"target\":{\"@type\":\"EntryPoint\",\"urlTemplate\":\"https:\\\/\\\/www.soul-healing.me\\\/en\\\/?s={search_term_string}\"},\"query-input\":{\"@type\":\"PropertyValueSpecification\",\"valueRequired\":true,\"valueName\":\"search_term_string\"}}],\"inLanguage\":\"en-GB\"},{\"@type\":\"Organization\",\"@id\":\"https:\\\/\\\/www.soul-healing.me\\\/en\\\/#organization\",\"name\":\"Soul Healing\",\"url\":\"https:\\\/\\\/www.soul-healing.me\\\/en\\\/\",\"logo\":{\"@type\":\"ImageObject\",\"inLanguage\":\"en-GB\",\"@id\":\"https:\\\/\\\/www.soul-healing.me\\\/en\\\/#\\\/schema\\\/logo\\\/image\\\/\",\"url\":\"https:\\\/\\\/www.soul-healing.me\\\/wp-content\\\/uploads\\\/cropped-190803-Logo-Soul-Healing-gelb.png\",\"contentUrl\":\"https:\\\/\\\/www.soul-healing.me\\\/wp-content\\\/uploads\\\/cropped-190803-Logo-Soul-Healing-gelb.png\",\"width\":384,\"height\":90,\"caption\":\"Soul Healing\"},\"image\":{\"@id\":\"https:\\\/\\\/www.soul-healing.me\\\/en\\\/#\\\/schema\\\/logo\\\/image\\\/\"}}]}<\/script>\n<!-- \/ Yoast SEO plugin. -->","yoast_head_json":{"title":"MASSAGEN - Soul Healing","robots":{"index":"index","follow":"follow","max-snippet":"max-snippet:-1","max-image-preview":"max-image-preview:large","max-video-preview":"max-video-preview:-1"},"canonical":"https:\/\/www.soul-healing.me\/en\/massage\/","og_locale":"en_GB","og_type":"article","og_title":"MASSAGEN - Soul Healing","og_description":"Entspannungsmassage Herrlich abschalten, den Alltag f\u00fcr einen Moment vergessen und einfach mal die Seele baumeln lassen. Das kannst du bei meiner Ganzk\u00f6rper- Entspannungsmassage erleben. Ganz intuitiv und achtsam stelle ich mich auf Deinen K\u00f6rper und Deine Bed\u00fcrfnisse ein. Genie\u00dfe die wohltuende Ber\u00fchrung von flie\u00dfenden Bewegungen auf Deiner Haut mit dem Gef\u00fchl &#8222;getragen&#8220; und &#8222;gehalten&#8220; zu [&hellip;]","og_url":"https:\/\/www.soul-healing.me\/en\/massage\/","og_site_name":"Soul Healing","article_modified_time":"2024-09-17T06:51:42+00:00","og_image":[{"url":"https:\/\/www.soul-healing.me\/wp-content\/uploads\/230307-Massage-Gesicht-von-oben_pexels-cottonbro-3997989_quadrat-1024x1024.png","type":"","width":"","height":""}],"twitter_card":"summary_large_image","twitter_misc":{"Estimated reading time":"4 minutes"},"schema":{"@context":"https:\/\/schema.org","@graph":[{"@type":"WebPage","@id":"https:\/\/www.soul-healing.me\/massage\/","url":"https:\/\/www.soul-healing.me\/massage\/","name":"MASSAGEN - Soul Healing","isPartOf":{"@id":"https:\/\/www.soul-healing.me\/en\/#website"},"primaryImageOfPage":{"@id":"https:\/\/www.soul-healing.me\/massage\/#primaryimage"},"image":{"@id":"https:\/\/www.soul-healing.me\/massage\/#primaryimage"},"thumbnailUrl":"https:\/\/www.soul-healing.me\/wp-content\/uploads\/230307-Massage-Gesicht-von-oben_pexels-cottonbro-3997989_quadrat-1024x1024.png","datePublished":"2021-04-08T22:22:59+00:00","dateModified":"2024-09-17T06:51:42+00:00","breadcrumb":{"@id":"https:\/\/www.soul-healing.me\/massage\/#breadcrumb"},"inLanguage":"en-GB","potentialAction":[{"@type":"ReadAction","target":["https:\/\/www.soul-healing.me\/massage\/"]}]},{"@type":"ImageObject","inLanguage":"en-GB","@id":"https:\/\/www.soul-healing.me\/massage\/#primaryimage","url":"https:\/\/www.soul-healing.me\/wp-content\/uploads\/230307-Massage-Gesicht-von-oben_pexels-cottonbro-3997989_quadrat-1024x1024.png","contentUrl":"https:\/\/www.soul-healing.me\/wp-content\/uploads\/230307-Massage-Gesicht-von-oben_pexels-cottonbro-3997989_quadrat-1024x1024.png"},{"@type":"BreadcrumbList","@id":"https:\/\/www.soul-healing.me\/massage\/#breadcrumb","itemListElement":[{"@type":"ListItem","position":1,"name":"Startseite","item":"https:\/\/www.soul-healing.me\/"},{"@type":"ListItem","position":2,"name":"MASSAGEN"}]},{"@type":"WebSite","@id":"https:\/\/www.soul-healing.me\/en\/#website","url":"https:\/\/www.soul-healing.me\/en\/","name":"Soul Healing","description":"Energy &amp; Bodywork","publisher":{"@id":"https:\/\/www.soul-healing.me\/en\/#organization"},"potentialAction":[{"@type":"SearchAction","target":{"@type":"EntryPoint","urlTemplate":"https:\/\/www.soul-healing.me\/en\/?s={search_term_string}"},"query-input":{"@type":"PropertyValueSpecification","valueRequired":true,"valueName":"search_term_string"}}],"inLanguage":"en-GB"},{"@type":"Organization","@id":"https:\/\/www.soul-healing.me\/en\/#organization","name":"Soul Healing","url":"https:\/\/www.soul-healing.me\/en\/","logo":{"@type":"ImageObject","inLanguage":"en-GB","@id":"https:\/\/www.soul-healing.me\/en\/#\/schema\/logo\/image\/","url":"https:\/\/www.soul-healing.me\/wp-content\/uploads\/cropped-190803-Logo-Soul-Healing-gelb.png","contentUrl":"https:\/\/www.soul-healing.me\/wp-content\/uploads\/cropped-190803-Logo-Soul-Healing-gelb.png","width":384,"height":90,"caption":"Soul Healing"},"image":{"@id":"https:\/\/www.soul-healing.me\/en\/#\/schema\/logo\/image\/"}}]}},"_links":{"self":[{"href":"https:\/\/www.soul-healing.me\/en\/wp-json\/wp\/v2\/pages\/1541","targetHints":{"allow":["GET"]}}],"collection":[{"href":"https:\/\/www.soul-healing.me\/en\/wp-json\/wp\/v2\/pages"}],"about":[{"href":"https:\/\/www.soul-healing.me\/en\/wp-json\/wp\/v2\/types\/page"}],"author":[{"embeddable":true,"href":"https:\/\/www.soul-healing.me\/en\/wp-json\/wp\/v2\/users\/1"}],"replies":[{"embeddable":true,"href":"https:\/\/www.soul-healing.me\/en\/wp-json\/wp\/v2\/comments?post=1541"}],"version-history":[{"count":557,"href":"https:\/\/www.soul-healing.me\/en\/wp-json\/wp\/v2\/pages\/1541\/revisions"}],"predecessor-version":[{"id":6119,"href":"https:\/\/www.soul-healing.me\/en\/wp-json\/wp\/v2\/pages\/1541\/revisions\/6119"}],"wp:attachment":[{"href":"https:\/\/www.soul-healing.me\/en\/wp-json\/wp\/v2\/media?parent=1541"}],"curies":[{"name":"wp","href":"https:\/\/api.w.org\/{rel}","templated":true}]}}