{"id":1199,"date":"2020-09-24T09:09:55","date_gmt":"2020-09-24T09:09:55","guid":{"rendered":"https:\/\/www.soul-healing.me\/?page_id=1199"},"modified":"2025-04-18T13:58:31","modified_gmt":"2025-04-18T11:58:31","slug":"de-armouring","status":"publish","type":"page","link":"https:\/\/www.soul-healing.me\/en\/koerperarbeit\/de-armouring\/","title":{"rendered":"DE-ARMOURING"},"content":{"rendered":"<div data-elementor-type=\"wp-page\" data-elementor-id=\"1199\" class=\"elementor elementor-1199\">\n\t\t\t\t\t\t<section class=\"elementor-section elementor-top-section elementor-element elementor-element-355cfa1 elementor-section-full_width elementor-section-height-default elementor-section-height-default\" data-id=\"355cfa1\" data-element_type=\"section\" data-e-type=\"section\">\n\t\t\t\t\t\t<div class=\"elementor-container elementor-column-gap-no\">\n\t\t\t\t\t<div class=\"elementor-column elementor-col-100 elementor-top-column elementor-element elementor-element-ec6d100\" data-id=\"ec6d100\" data-element_type=\"column\" data-e-type=\"column\">\n\t\t\t<div class=\"elementor-widget-wrap elementor-element-populated\">\n\t\t\t\t\t\t\t<\/div>\n\t\t<\/div>\n\t\t\t\t\t<\/div>\n\t\t<\/section>\n\t\t\t\t<section class=\"elementor-section elementor-top-section elementor-element elementor-element-4c0fc3d elementor-section-boxed elementor-section-height-default elementor-section-height-default\" data-id=\"4c0fc3d\" data-element_type=\"section\" data-e-type=\"section\">\n\t\t\t\t\t\t<div class=\"elementor-container elementor-column-gap-default\">\n\t\t\t\t\t<div class=\"elementor-column elementor-col-100 elementor-top-column elementor-element elementor-element-ddd5345\" data-id=\"ddd5345\" data-element_type=\"column\" data-e-type=\"column\">\n\t\t\t<div class=\"elementor-widget-wrap elementor-element-populated\">\n\t\t\t\t\t\t<div class=\"elementor-element elementor-element-880dd8b elementor-widget elementor-widget-spacer\" data-id=\"880dd8b\" data-element_type=\"widget\" data-e-type=\"widget\" data-widget_type=\"spacer.default\">\n\t\t\t\t<div class=\"elementor-widget-container\">\n\t\t\t\t\t\t\t<div class=\"elementor-spacer\">\n\t\t\t<div class=\"elementor-spacer-inner\"><\/div>\n\t\t<\/div>\n\t\t\t\t\t\t<\/div>\n\t\t\t\t<\/div>\n\t\t\t\t\t<\/div>\n\t\t<\/div>\n\t\t\t\t\t<\/div>\n\t\t<\/section>\n\t\t\t\t<section class=\"elementor-section elementor-top-section elementor-element elementor-element-eb80b9b elementor-section-boxed elementor-section-height-default elementor-section-height-default\" data-id=\"eb80b9b\" data-element_type=\"section\" data-e-type=\"section\">\n\t\t\t\t\t\t<div class=\"elementor-container elementor-column-gap-default\">\n\t\t\t\t\t<div class=\"elementor-column elementor-col-50 elementor-top-column elementor-element elementor-element-ba5277c\" data-id=\"ba5277c\" data-element_type=\"column\" data-e-type=\"column\">\n\t\t\t<div class=\"elementor-widget-wrap elementor-element-populated\">\n\t\t\t\t\t\t<div class=\"elementor-element elementor-element-10bbbe8 elementor-widget elementor-widget-heading\" data-id=\"10bbbe8\" data-element_type=\"widget\" data-e-type=\"widget\" data-widget_type=\"heading.default\">\n\t\t\t\t<div class=\"elementor-widget-container\">\n\t\t\t\t\t<h1 class=\"elementor-heading-title elementor-size-default\">DE-ARMOURING<br>Body armour removal<\/h1>\t\t\t\t<\/div>\n\t\t\t\t<\/div>\n\t\t\t\t<div class=\"elementor-element elementor-element-e695953 elementor-widget elementor-widget-spacer\" data-id=\"e695953\" data-element_type=\"widget\" data-e-type=\"widget\" data-widget_type=\"spacer.default\">\n\t\t\t\t<div class=\"elementor-widget-container\">\n\t\t\t\t\t\t\t<div class=\"elementor-spacer\">\n\t\t\t<div class=\"elementor-spacer-inner\"><\/div>\n\t\t<\/div>\n\t\t\t\t\t\t<\/div>\n\t\t\t\t<\/div>\n\t\t\t\t<div class=\"elementor-element elementor-element-14cc662 elementor-widget elementor-widget-text-editor\" data-id=\"14cc662\" data-element_type=\"widget\" data-e-type=\"widget\" data-widget_type=\"text-editor.default\">\n\t\t\t\t<div class=\"elementor-widget-container\">\n\t\t\t\t\t\t\t\t\t<p><strong>&nbsp;<\/strong><strong>What is a DE-ARMOURING?<\/strong><\/p>\n<p>De-Armouring is a deeply effective body and soul work. By activating particularly pain-sensitive points (marma points) in the body, it is possible to feel stressful and long-forgotten sensations again and, with the help of the breath, to integrate them into your system or let them flow away.<\/p>\n<p>The background is that we have repressed emotional and physical injuries to such an extent that we no longer need to feel them. This often happens completely unconsciously. As a result, an armour is created around the affected areas. The injury and pain are nevertheless stored in the body and subconsciously affect our entire being - including the way we feel and how we react emotionally to our environment.\n\nTranslated with www.DeepL.com\/Translator (free version)<\/p>\n<p>In a protected space, the 'forgotten' pain in the body can be felt again. Cut off sensations can be integrated, energetically transformed and freed from the system. You will feel more connected to yourself and your life again!<\/p>\n<p><strong>How does a treatment work?<\/strong><\/p>\n<p>First we get to know each other in a conversation. We see if we can 'smell' each other and if we want to work together at all! This is incredibly important in this intensive bodywork.<\/p>\n<p>Without your genuine willingness and openness to work on yourself, we will not go any further! Only when there is a clear \"YES\" from both sides will the actual treatment begin.<br><\/p>\n<p class=\"translation-block\">A de-armouring can be done on the whole body, from head to toe. Each area of the body stands for a special life theme. As a rule, we limit ourselves to one body region during a treatment, which we agree on together beforehand. For example:<br>Head-jaw-neck-shoulder area or stomach-chest area. If there is enough trust on both sides, the intimate area can also be included after prior consultation. Each area is treated in a special setting. Of course, I will explain everything to you in detail beforehand.<\/p>\n<p class=\"translation-block\">The actual work looks like this: The 'forgotten' pain behind an injury can be directly re-experienced at very specific points in the body (marma points). By activating (pressing) the affected regions of the body with my hands, without intention and deeply, the pain can be experienced again. By feeling and accepting it again, it is possible to let the rejected and repressed feelings flow away with the help of the breath.<\/p>\n<p>In this protected and mindful space you will learn a new approach to your emotional and physical injuries. They lose their horror. You can finally allow them in depth and thus free yourself from them. The energy frozen in the shell is released again. It is now available to you again!<\/p>\n<p><strong>What are the duration and costs of treatment?<\/strong><\/p>\n<p>Duration: The 1st session with a detailed preliminary and follow-up discussion lasts at least 90 minutes.<\/p>\n<p>This intensive work shows its positive effect immediately after the first treatment. You will feel lighter, more open and more grounded.<\/p>\n<p><b>Prices:<\/b><\/p>\n<p>90 min = 135 \u20ac<\/p>\n<p>120 min = 180 \u20ac<\/p>\n<p>150 min = 225 \u20ac<\/p>\n<p>180 min = 270 \u20ac<\/p>\n<p>Please note, should something come up, please cancel your appointment in good time, up to 24 hours in advance. If you cancel at short notice or do not show up, the fee will still be charged. Thank you for your understanding!<\/p>\n<p>Discount for students or low income on request.<\/p>\t\t\t\t\t\t\t\t<\/div>\n\t\t\t\t<\/div>\n\t\t\t\t<div class=\"elementor-element elementor-element-d21deae elementor-align-center elementor-widget elementor-widget-button\" data-id=\"d21deae\" data-element_type=\"widget\" data-e-type=\"widget\" data-widget_type=\"button.default\">\n\t\t\t\t<div class=\"elementor-widget-container\">\n\t\t\t\t\t\t\t\t\t<div class=\"elementor-button-wrapper\">\n\t\t\t\t\t<a class=\"elementor-button elementor-button-link elementor-size-sm\" href=\"https:\/\/www.soul-healing.me\/en\/kontakt\/\">\n\t\t\t\t\t\t<span class=\"elementor-button-content-wrapper\">\n\t\t\t\t\t\t\t\t\t<span class=\"elementor-button-text\">BOOK APPOINTMENT<\/span>\n\t\t\t\t\t<\/span>\n\t\t\t\t\t<\/a>\n\t\t\t\t<\/div>\n\t\t\t\t\t\t\t\t<\/div>\n\t\t\t\t<\/div>\n\t\t\t\t<div class=\"elementor-element elementor-element-fc976ea elementor-widget elementor-widget-spacer\" data-id=\"fc976ea\" data-element_type=\"widget\" data-e-type=\"widget\" data-widget_type=\"spacer.default\">\n\t\t\t\t<div class=\"elementor-widget-container\">\n\t\t\t\t\t\t\t<div class=\"elementor-spacer\">\n\t\t\t<div class=\"elementor-spacer-inner\"><\/div>\n\t\t<\/div>\n\t\t\t\t\t\t<\/div>\n\t\t\t\t<\/div>\n\t\t\t\t\t<\/div>\n\t\t<\/div>\n\t\t\t\t<div class=\"elementor-column elementor-col-50 elementor-top-column elementor-element elementor-element-c09d870\" data-id=\"c09d870\" data-element_type=\"column\" data-e-type=\"column\">\n\t\t\t<div class=\"elementor-widget-wrap elementor-element-populated\">\n\t\t\t\t\t\t<div class=\"elementor-element elementor-element-f2251f2 elementor-widget elementor-widget-image\" data-id=\"f2251f2\" data-element_type=\"widget\" data-e-type=\"widget\" data-widget_type=\"image.default\">\n\t\t\t\t<div class=\"elementor-widget-container\">\n\t\t\t\t\t\t\t\t\t\t\t\t\t\t\t<img decoding=\"async\" src=\"https:\/\/www.soul-healing.me\/wp-content\/uploads\/230307-Dearamouring-_therapie-manuelle_quadrat.jpg\" title=\"Therapist Massaging Female Customer&#8217;s Back At Spa\" alt=\"Closeup of male therapist massaging female customer&#039;s back at beauty spa\" loading=\"lazy\" \/>\t\t\t\t\t\t\t\t\t\t\t\t\t\t\t<\/div>\n\t\t\t\t<\/div>\n\t\t\t\t\t<\/div>\n\t\t<\/div>\n\t\t\t\t\t<\/div>\n\t\t<\/section>\n\t\t\t\t<section class=\"elementor-section elementor-top-section elementor-element elementor-element-be7cb1b elementor-section-boxed elementor-section-height-default elementor-section-height-default\" data-id=\"be7cb1b\" data-element_type=\"section\" data-e-type=\"section\">\n\t\t\t\t\t\t<div class=\"elementor-container elementor-column-gap-default\">\n\t\t\t\t\t<div class=\"elementor-column elementor-col-100 elementor-top-column elementor-element elementor-element-82cb4fb\" data-id=\"82cb4fb\" data-element_type=\"column\" data-e-type=\"column\">\n\t\t\t<div class=\"elementor-widget-wrap elementor-element-populated\">\n\t\t\t\t\t\t<div class=\"elementor-element elementor-element-ed07c3d elementor-widget elementor-widget-spacer\" data-id=\"ed07c3d\" data-element_type=\"widget\" data-e-type=\"widget\" data-widget_type=\"spacer.default\">\n\t\t\t\t<div class=\"elementor-widget-container\">\n\t\t\t\t\t\t\t<div class=\"elementor-spacer\">\n\t\t\t<div class=\"elementor-spacer-inner\"><\/div>\n\t\t<\/div>\n\t\t\t\t\t\t<\/div>\n\t\t\t\t<\/div>\n\t\t\t\t<div class=\"elementor-element elementor-element-4ff7196 elementor-widget elementor-widget-text-editor\" data-id=\"4ff7196\" data-element_type=\"widget\" data-e-type=\"widget\" data-widget_type=\"text-editor.default\">\n\t\t\t\t<div class=\"elementor-widget-container\">\n\t\t\t\t\t\t\t\t\t<div>\n<p>This is what participants say about my work.<\/p>\n<\/div>\t\t\t\t\t\t\t\t<\/div>\n\t\t\t\t<\/div>\n\t\t\t\t<div class=\"elementor-element elementor-element-978786c elementor-align-center elementor-widget elementor-widget-button\" data-id=\"978786c\" data-element_type=\"widget\" data-e-type=\"widget\" data-widget_type=\"button.default\">\n\t\t\t\t<div class=\"elementor-widget-container\">\n\t\t\t\t\t\t\t\t\t<div class=\"elementor-button-wrapper\">\n\t\t\t\t\t<a class=\"elementor-button elementor-button-link elementor-size-sm\" href=\"https:\/\/www.soul-healing.me\/en\/feedback\/\">\n\t\t\t\t\t\t<span class=\"elementor-button-content-wrapper\">\n\t\t\t\t\t\t\t\t\t<span class=\"elementor-button-text\">REVIEWS<\/span>\n\t\t\t\t\t<\/span>\n\t\t\t\t\t<\/a>\n\t\t\t\t<\/div>\n\t\t\t\t\t\t\t\t<\/div>\n\t\t\t\t<\/div>\n\t\t\t\t\t<\/div>\n\t\t<\/div>\n\t\t\t\t\t<\/div>\n\t\t<\/section>\n\t\t\t\t<section class=\"elementor-section elementor-top-section elementor-element elementor-element-bdc3388 elementor-section-boxed elementor-section-height-default elementor-section-height-default\" data-id=\"bdc3388\" data-element_type=\"section\" data-e-type=\"section\">\n\t\t\t\t\t\t<div class=\"elementor-container elementor-column-gap-default\">\n\t\t\t\t\t<div class=\"elementor-column elementor-col-100 elementor-top-column elementor-element elementor-element-86b9d5c\" data-id=\"86b9d5c\" data-element_type=\"column\" data-e-type=\"column\">\n\t\t\t<div class=\"elementor-widget-wrap elementor-element-populated\">\n\t\t\t\t\t\t<div class=\"elementor-element elementor-element-8f3645c elementor-widget elementor-widget-spacer\" data-id=\"8f3645c\" data-element_type=\"widget\" data-e-type=\"widget\" data-widget_type=\"spacer.default\">\n\t\t\t\t<div class=\"elementor-widget-container\">\n\t\t\t\t\t\t\t<div class=\"elementor-spacer\">\n\t\t\t<div class=\"elementor-spacer-inner\"><\/div>\n\t\t<\/div>\n\t\t\t\t\t\t<\/div>\n\t\t\t\t<\/div>\n\t\t\t\t\t<\/div>\n\t\t<\/div>\n\t\t\t\t\t<\/div>\n\t\t<\/section>\n\t\t\t\t<\/div>","protected":false},"excerpt":{"rendered":"<p>DE-ARMOURINGK\u00f6rperentpanzerung &nbsp;Was ist ein DE-ARMOURING? De-Armouring ist eine tiefwirkende K\u00f6rper- und Seelenarbeit. \u00dcber das Aktivieren besonders schmerzempflindlicher Punkte (Marmapunkte) im K\u00f6rper ist es m\u00f6glich, belastende und l\u00e4ngst vergessene Empfindungen wieder zu erf\u00fchlen und mit Hilfe des Atems in Deinem System zu integrieren bzw. abflie\u00dfen zu lassen. Der Hintergrund ist, dass wir emotionale und k\u00f6rperliche Verletzungen [&hellip;]<\/p>\n","protected":false},"author":1,"featured_media":0,"parent":21,"menu_order":0,"comment_status":"closed","ping_status":"closed","template":"","meta":{"ocean_post_layout":"full-screen","ocean_both_sidebars_style":"","ocean_both_sidebars_content_width":0,"ocean_both_sidebars_sidebars_width":0,"ocean_sidebar":"0","ocean_second_sidebar":"0","ocean_disable_margins":"enable","ocean_add_body_class":"","ocean_shortcode_before_top_bar":"","ocean_shortcode_after_top_bar":"","ocean_shortcode_before_header":"","ocean_shortcode_after_header":"","ocean_has_shortcode":"","ocean_shortcode_after_title":"","ocean_shortcode_before_footer_widgets":"","ocean_shortcode_after_footer_widgets":"","ocean_shortcode_before_footer_bottom":"","ocean_shortcode_after_footer_bottom":"","ocean_display_top_bar":"off","ocean_display_header":"on","ocean_header_style":"","ocean_center_header_left_menu":"0","ocean_custom_header_template":"0","ocean_custom_logo":0,"ocean_custom_retina_logo":0,"ocean_custom_logo_max_width":0,"ocean_custom_logo_tablet_max_width":0,"ocean_custom_logo_mobile_max_width":0,"ocean_custom_logo_max_height":0,"ocean_custom_logo_tablet_max_height":0,"ocean_custom_logo_mobile_max_height":0,"ocean_header_custom_menu":"0","ocean_menu_typo_font_family":"0","ocean_menu_typo_font_subset":"","ocean_menu_typo_font_size":0,"ocean_menu_typo_font_size_tablet":0,"ocean_menu_typo_font_size_mobile":0,"ocean_menu_typo_font_size_unit":"px","ocean_menu_typo_font_weight":"","ocean_menu_typo_font_weight_tablet":"","ocean_menu_typo_font_weight_mobile":"","ocean_menu_typo_transform":"","ocean_menu_typo_transform_tablet":"","ocean_menu_typo_transform_mobile":"","ocean_menu_typo_line_height":0,"ocean_menu_typo_line_height_tablet":0,"ocean_menu_typo_line_height_mobile":0,"ocean_menu_typo_line_height_unit":"","ocean_menu_typo_spacing":0,"ocean_menu_typo_spacing_tablet":0,"ocean_menu_typo_spacing_mobile":0,"ocean_menu_typo_spacing_unit":"","ocean_menu_link_color":"","ocean_menu_link_color_hover":"","ocean_menu_link_color_active":"","ocean_menu_link_background":"","ocean_menu_link_hover_background":"","ocean_menu_link_active_background":"","ocean_menu_social_links_bg":"","ocean_menu_social_hover_links_bg":"","ocean_menu_social_links_color":"","ocean_menu_social_hover_links_color":"","ocean_disable_title":"on","ocean_disable_heading":"default","ocean_post_title":"","ocean_post_subheading":"","ocean_post_title_style":"","ocean_post_title_background_color":"","ocean_post_title_background":0,"ocean_post_title_bg_image_position":"","ocean_post_title_bg_image_attachment":"","ocean_post_title_bg_image_repeat":"","ocean_post_title_bg_image_size":"","ocean_post_title_height":0,"ocean_post_title_bg_overlay":0.5,"ocean_post_title_bg_overlay_color":"","ocean_disable_breadcrumbs":"default","ocean_breadcrumbs_color":"","ocean_breadcrumbs_separator_color":"","ocean_breadcrumbs_links_color":"","ocean_breadcrumbs_links_hover_color":"","ocean_display_footer_widgets":"on","ocean_display_footer_bottom":"default","ocean_custom_footer_template":"0","footnotes":""},"class_list":["post-1199","page","type-page","status-publish","hentry","entry"],"yoast_head":"<!-- This site is optimized with the Yoast SEO plugin v27.5 - https:\/\/yoast.com\/product\/yoast-seo-wordpress\/ -->\n<title>DE-ARMOURING - Soul Healing<\/title>\n<meta name=\"robots\" content=\"index, follow, max-snippet:-1, max-image-preview:large, max-video-preview:-1\" \/>\n<link rel=\"canonical\" href=\"https:\/\/www.soul-healing.me\/en\/koerperarbeit\/de-armouring\/\" \/>\n<meta property=\"og:locale\" content=\"en_GB\" \/>\n<meta property=\"og:type\" content=\"article\" \/>\n<meta property=\"og:title\" content=\"DE-ARMOURING - Soul Healing\" \/>\n<meta property=\"og:description\" content=\"DE-ARMOURINGK\u00f6rperentpanzerung &nbsp;Was ist ein DE-ARMOURING? De-Armouring ist eine tiefwirkende K\u00f6rper- und Seelenarbeit. \u00dcber das Aktivieren besonders schmerzempflindlicher Punkte (Marmapunkte) im K\u00f6rper ist es m\u00f6glich, belastende und l\u00e4ngst vergessene Empfindungen wieder zu erf\u00fchlen und mit Hilfe des Atems in Deinem System zu integrieren bzw. abflie\u00dfen zu lassen. Der Hintergrund ist, dass wir emotionale und k\u00f6rperliche Verletzungen [&hellip;]\" \/>\n<meta property=\"og:url\" content=\"https:\/\/www.soul-healing.me\/en\/koerperarbeit\/de-armouring\/\" \/>\n<meta property=\"og:site_name\" content=\"Soul Healing\" \/>\n<meta property=\"article:modified_time\" content=\"2025-04-18T11:58:31+00:00\" \/>\n<meta property=\"og:image\" content=\"https:\/\/www.soul-healing.me\/wp-content\/uploads\/230307-Dearamouring-_therapie-manuelle_quadrat.jpg\" \/>\n<meta name=\"twitter:card\" content=\"summary_large_image\" \/>\n<meta name=\"twitter:label1\" content=\"Estimated reading time\" \/>\n\t<meta name=\"twitter:data1\" content=\"4 minutes\" \/>\n<script type=\"application\/ld+json\" class=\"yoast-schema-graph\">{\"@context\":\"https:\\\/\\\/schema.org\",\"@graph\":[{\"@type\":\"WebPage\",\"@id\":\"https:\\\/\\\/www.soul-healing.me\\\/koerperarbeit\\\/de-armouring\\\/\",\"url\":\"https:\\\/\\\/www.soul-healing.me\\\/koerperarbeit\\\/de-armouring\\\/\",\"name\":\"DE-ARMOURING - Soul Healing\",\"isPartOf\":{\"@id\":\"https:\\\/\\\/www.soul-healing.me\\\/en\\\/#website\"},\"primaryImageOfPage\":{\"@id\":\"https:\\\/\\\/www.soul-healing.me\\\/koerperarbeit\\\/de-armouring\\\/#primaryimage\"},\"image\":{\"@id\":\"https:\\\/\\\/www.soul-healing.me\\\/koerperarbeit\\\/de-armouring\\\/#primaryimage\"},\"thumbnailUrl\":\"https:\\\/\\\/www.soul-healing.me\\\/wp-content\\\/uploads\\\/230307-Dearamouring-_therapie-manuelle_quadrat.jpg\",\"datePublished\":\"2020-09-24T09:09:55+00:00\",\"dateModified\":\"2025-04-18T11:58:31+00:00\",\"breadcrumb\":{\"@id\":\"https:\\\/\\\/www.soul-healing.me\\\/koerperarbeit\\\/de-armouring\\\/#breadcrumb\"},\"inLanguage\":\"en-GB\",\"potentialAction\":[{\"@type\":\"ReadAction\",\"target\":[\"https:\\\/\\\/www.soul-healing.me\\\/koerperarbeit\\\/de-armouring\\\/\"]}]},{\"@type\":\"ImageObject\",\"inLanguage\":\"en-GB\",\"@id\":\"https:\\\/\\\/www.soul-healing.me\\\/koerperarbeit\\\/de-armouring\\\/#primaryimage\",\"url\":\"https:\\\/\\\/www.soul-healing.me\\\/wp-content\\\/uploads\\\/230307-Dearamouring-_therapie-manuelle_quadrat.jpg\",\"contentUrl\":\"https:\\\/\\\/www.soul-healing.me\\\/wp-content\\\/uploads\\\/230307-Dearamouring-_therapie-manuelle_quadrat.jpg\"},{\"@type\":\"BreadcrumbList\",\"@id\":\"https:\\\/\\\/www.soul-healing.me\\\/koerperarbeit\\\/de-armouring\\\/#breadcrumb\",\"itemListElement\":[{\"@type\":\"ListItem\",\"position\":1,\"name\":\"Startseite\",\"item\":\"https:\\\/\\\/www.soul-healing.me\\\/\"},{\"@type\":\"ListItem\",\"position\":2,\"name\":\"ENERGIE &#038; K\u00d6RPERARBEIT\",\"item\":\"https:\\\/\\\/www.soul-healing.me\\\/koerperarbeit\\\/\"},{\"@type\":\"ListItem\",\"position\":3,\"name\":\"DE-ARMOURING\"}]},{\"@type\":\"WebSite\",\"@id\":\"https:\\\/\\\/www.soul-healing.me\\\/en\\\/#website\",\"url\":\"https:\\\/\\\/www.soul-healing.me\\\/en\\\/\",\"name\":\"Soul Healing\",\"description\":\"Energy &amp; Bodywork\",\"publisher\":{\"@id\":\"https:\\\/\\\/www.soul-healing.me\\\/en\\\/#organization\"},\"potentialAction\":[{\"@type\":\"SearchAction\",\"target\":{\"@type\":\"EntryPoint\",\"urlTemplate\":\"https:\\\/\\\/www.soul-healing.me\\\/en\\\/?s={search_term_string}\"},\"query-input\":{\"@type\":\"PropertyValueSpecification\",\"valueRequired\":true,\"valueName\":\"search_term_string\"}}],\"inLanguage\":\"en-GB\"},{\"@type\":\"Organization\",\"@id\":\"https:\\\/\\\/www.soul-healing.me\\\/en\\\/#organization\",\"name\":\"Soul Healing\",\"url\":\"https:\\\/\\\/www.soul-healing.me\\\/en\\\/\",\"logo\":{\"@type\":\"ImageObject\",\"inLanguage\":\"en-GB\",\"@id\":\"https:\\\/\\\/www.soul-healing.me\\\/en\\\/#\\\/schema\\\/logo\\\/image\\\/\",\"url\":\"https:\\\/\\\/www.soul-healing.me\\\/wp-content\\\/uploads\\\/cropped-190803-Logo-Soul-Healing-gelb.png\",\"contentUrl\":\"https:\\\/\\\/www.soul-healing.me\\\/wp-content\\\/uploads\\\/cropped-190803-Logo-Soul-Healing-gelb.png\",\"width\":384,\"height\":90,\"caption\":\"Soul Healing\"},\"image\":{\"@id\":\"https:\\\/\\\/www.soul-healing.me\\\/en\\\/#\\\/schema\\\/logo\\\/image\\\/\"}}]}<\/script>\n<!-- \/ Yoast SEO plugin. -->","yoast_head_json":{"title":"DE-ARMOURING - Soul Healing","robots":{"index":"index","follow":"follow","max-snippet":"max-snippet:-1","max-image-preview":"max-image-preview:large","max-video-preview":"max-video-preview:-1"},"canonical":"https:\/\/www.soul-healing.me\/en\/koerperarbeit\/de-armouring\/","og_locale":"en_GB","og_type":"article","og_title":"DE-ARMOURING - Soul Healing","og_description":"DE-ARMOURINGK\u00f6rperentpanzerung &nbsp;Was ist ein DE-ARMOURING? De-Armouring ist eine tiefwirkende K\u00f6rper- und Seelenarbeit. \u00dcber das Aktivieren besonders schmerzempflindlicher Punkte (Marmapunkte) im K\u00f6rper ist es m\u00f6glich, belastende und l\u00e4ngst vergessene Empfindungen wieder zu erf\u00fchlen und mit Hilfe des Atems in Deinem System zu integrieren bzw. abflie\u00dfen zu lassen. Der Hintergrund ist, dass wir emotionale und k\u00f6rperliche Verletzungen [&hellip;]","og_url":"https:\/\/www.soul-healing.me\/en\/koerperarbeit\/de-armouring\/","og_site_name":"Soul Healing","article_modified_time":"2025-04-18T11:58:31+00:00","og_image":[{"url":"https:\/\/www.soul-healing.me\/wp-content\/uploads\/230307-Dearamouring-_therapie-manuelle_quadrat.jpg","type":"","width":"","height":""}],"twitter_card":"summary_large_image","twitter_misc":{"Estimated reading time":"4 minutes"},"schema":{"@context":"https:\/\/schema.org","@graph":[{"@type":"WebPage","@id":"https:\/\/www.soul-healing.me\/koerperarbeit\/de-armouring\/","url":"https:\/\/www.soul-healing.me\/koerperarbeit\/de-armouring\/","name":"DE-ARMOURING - Soul Healing","isPartOf":{"@id":"https:\/\/www.soul-healing.me\/en\/#website"},"primaryImageOfPage":{"@id":"https:\/\/www.soul-healing.me\/koerperarbeit\/de-armouring\/#primaryimage"},"image":{"@id":"https:\/\/www.soul-healing.me\/koerperarbeit\/de-armouring\/#primaryimage"},"thumbnailUrl":"https:\/\/www.soul-healing.me\/wp-content\/uploads\/230307-Dearamouring-_therapie-manuelle_quadrat.jpg","datePublished":"2020-09-24T09:09:55+00:00","dateModified":"2025-04-18T11:58:31+00:00","breadcrumb":{"@id":"https:\/\/www.soul-healing.me\/koerperarbeit\/de-armouring\/#breadcrumb"},"inLanguage":"en-GB","potentialAction":[{"@type":"ReadAction","target":["https:\/\/www.soul-healing.me\/koerperarbeit\/de-armouring\/"]}]},{"@type":"ImageObject","inLanguage":"en-GB","@id":"https:\/\/www.soul-healing.me\/koerperarbeit\/de-armouring\/#primaryimage","url":"https:\/\/www.soul-healing.me\/wp-content\/uploads\/230307-Dearamouring-_therapie-manuelle_quadrat.jpg","contentUrl":"https:\/\/www.soul-healing.me\/wp-content\/uploads\/230307-Dearamouring-_therapie-manuelle_quadrat.jpg"},{"@type":"BreadcrumbList","@id":"https:\/\/www.soul-healing.me\/koerperarbeit\/de-armouring\/#breadcrumb","itemListElement":[{"@type":"ListItem","position":1,"name":"Startseite","item":"https:\/\/www.soul-healing.me\/"},{"@type":"ListItem","position":2,"name":"ENERGIE &#038; K\u00d6RPERARBEIT","item":"https:\/\/www.soul-healing.me\/koerperarbeit\/"},{"@type":"ListItem","position":3,"name":"DE-ARMOURING"}]},{"@type":"WebSite","@id":"https:\/\/www.soul-healing.me\/en\/#website","url":"https:\/\/www.soul-healing.me\/en\/","name":"Soul Healing","description":"Energy &amp; Bodywork","publisher":{"@id":"https:\/\/www.soul-healing.me\/en\/#organization"},"potentialAction":[{"@type":"SearchAction","target":{"@type":"EntryPoint","urlTemplate":"https:\/\/www.soul-healing.me\/en\/?s={search_term_string}"},"query-input":{"@type":"PropertyValueSpecification","valueRequired":true,"valueName":"search_term_string"}}],"inLanguage":"en-GB"},{"@type":"Organization","@id":"https:\/\/www.soul-healing.me\/en\/#organization","name":"Soul Healing","url":"https:\/\/www.soul-healing.me\/en\/","logo":{"@type":"ImageObject","inLanguage":"en-GB","@id":"https:\/\/www.soul-healing.me\/en\/#\/schema\/logo\/image\/","url":"https:\/\/www.soul-healing.me\/wp-content\/uploads\/cropped-190803-Logo-Soul-Healing-gelb.png","contentUrl":"https:\/\/www.soul-healing.me\/wp-content\/uploads\/cropped-190803-Logo-Soul-Healing-gelb.png","width":384,"height":90,"caption":"Soul Healing"},"image":{"@id":"https:\/\/www.soul-healing.me\/en\/#\/schema\/logo\/image\/"}}]}},"_links":{"self":[{"href":"https:\/\/www.soul-healing.me\/en\/wp-json\/wp\/v2\/pages\/1199","targetHints":{"allow":["GET"]}}],"collection":[{"href":"https:\/\/www.soul-healing.me\/en\/wp-json\/wp\/v2\/pages"}],"about":[{"href":"https:\/\/www.soul-healing.me\/en\/wp-json\/wp\/v2\/types\/page"}],"author":[{"embeddable":true,"href":"https:\/\/www.soul-healing.me\/en\/wp-json\/wp\/v2\/users\/1"}],"replies":[{"embeddable":true,"href":"https:\/\/www.soul-healing.me\/en\/wp-json\/wp\/v2\/comments?post=1199"}],"version-history":[{"count":214,"href":"https:\/\/www.soul-healing.me\/en\/wp-json\/wp\/v2\/pages\/1199\/revisions"}],"predecessor-version":[{"id":6160,"href":"https:\/\/www.soul-healing.me\/en\/wp-json\/wp\/v2\/pages\/1199\/revisions\/6160"}],"up":[{"embeddable":true,"href":"https:\/\/www.soul-healing.me\/en\/wp-json\/wp\/v2\/pages\/21"}],"wp:attachment":[{"href":"https:\/\/www.soul-healing.me\/en\/wp-json\/wp\/v2\/media?parent=1199"}],"curies":[{"name":"wp","href":"https:\/\/api.w.org\/{rel}","templated":true}]}}